{"id":800,"date":"2019-11-26T15:49:53","date_gmt":"2019-11-26T14:49:53","guid":{"rendered":"http:\/\/anciensbarralcastres.fr\/?page_id=800"},"modified":"2025-02-01T09:12:29","modified_gmt":"2025-02-01T08:12:29","slug":"le-bureau","status":"publish","type":"page","link":"https:\/\/anciensbarralcastres.fr\/index.php\/le-bureau\/","title":{"rendered":"Le  Bureau  de  l&rsquo;  A.  A.  Barral"},"content":{"rendered":"\n<figure class=\"wp-block-image size-large\"><img loading=\"lazy\" decoding=\"async\" width=\"422\" height=\"83\" src=\"http:\/\/anciensbarralcastres.fr\/wp-content\/uploads\/2019\/12\/Barral-toujours.png\" alt=\"\" class=\"wp-image-1225\" srcset=\"https:\/\/anciensbarralcastres.fr\/wp-content\/uploads\/2019\/12\/Barral-toujours.png 422w, https:\/\/anciensbarralcastres.fr\/wp-content\/uploads\/2019\/12\/Barral-toujours-300x59.png 300w\" sizes=\"(max-width: 422px) 100vw, 422px\" \/><\/figure>\n\n\n\n<p>Article 7&nbsp;:<\/p>\n\n\n\n<p>&nbsp;&nbsp;&nbsp;&nbsp;&nbsp;&nbsp;&nbsp;&nbsp;&nbsp;&nbsp;&nbsp; Le conseil\nd\u2019administration est compos\u00e9&nbsp;:<\/p>\n\n\n\n<p><strong>De membres de membres de droit avec voix consultative<br><\/strong>C&rsquo;est-\u00e0-dire, s\u2019ils le souhaitent, des anciens et actuels directeurs de l\u2019\u00e9tablissement ainsi que des anciens pr\u00e9sidents de l\u2019association.<\/p>\n\n\n\n<p> <strong>De membres \u00e9lus<br><\/strong> lors de l\u2019assembl\u00e9e g\u00e9n\u00e9rale annuelle, en nombre impair.<\/p>\n\n\n\n<p>&nbsp;&nbsp;&nbsp;&nbsp;&nbsp;&nbsp;&nbsp;&nbsp;&nbsp;&nbsp;&nbsp; Les membres\ndu bureau sont r\u00e9\u00e9ligibles.<\/p>\n\n\n\n<p>&nbsp;&nbsp;&nbsp;&nbsp;&nbsp;&nbsp;&nbsp;&nbsp;&nbsp;&nbsp;&nbsp; Le bureau\nse compose&nbsp;: <\/p>\n\n\n\n<ul>\n<li>d\u2019un pr\u00e9sident<\/li>\n\n\n\n<li>plusieurs vice-pr\u00e9sidents<\/li>\n\n\n\n<li>un secr\u00e9taire et un secr\u00e9taire adjoint<\/li>\n\n\n\n<li>un tr\u00e9sorier et un tr\u00e9sorier adjoint<\/li>\n<\/ul>\n\n\n\n<p>En cas de vacances, le conseil d\u2019administration pourvoit provisoirement au remplacement de ses membres. Il est proc\u00e9d\u00e9 au remplacement d\u00e9finitif par la prochaine assembl\u00e9e g\u00e9n\u00e9rale.<\/p>\n\n\n\n<hr class=\"wp-block-separator has-css-opacity\"\/>\n\n\n\n<figure class=\"wp-block-gallery has-nested-images columns-7 is-cropped wp-block-gallery-1 is-layout-flex wp-block-gallery-is-layout-flex\">\n<figure class=\"wp-block-image size-large\"><img loading=\"lazy\" decoding=\"async\" width=\"201\" height=\"271\" data-id=\"1268\" src=\"https:\/\/anciensbarralcastres.fr\/wp-content\/uploads\/2020\/01\/JPM-1.png\" alt=\"\" class=\"wp-image-1268\"\/><\/figure>\n\n\n\n<figure class=\"wp-block-image size-large\"><img loading=\"lazy\" decoding=\"async\" width=\"201\" height=\"271\" data-id=\"1264\" src=\"https:\/\/anciensbarralcastres.fr\/wp-content\/uploads\/2020\/01\/Escande.png\" alt=\"\" class=\"wp-image-1264\"\/><\/figure>\n\n\n\n<figure class=\"wp-block-image size-large\"><img loading=\"lazy\" decoding=\"async\" width=\"201\" height=\"271\" data-id=\"1271\" src=\"https:\/\/anciensbarralcastres.fr\/wp-content\/uploads\/2020\/01\/F-Sol-1.png\" alt=\"\" class=\"wp-image-1271\"\/><\/figure>\n\n\n\n<figure class=\"wp-block-image size-large\"><img loading=\"lazy\" decoding=\"async\" width=\"200\" height=\"259\" data-id=\"1267\" src=\"https:\/\/anciensbarralcastres.fr\/wp-content\/uploads\/2020\/01\/JL-Soulet.png\" alt=\"\" class=\"wp-image-1267\"\/><\/figure>\n\n\n\n<figure class=\"wp-block-image size-large\"><img loading=\"lazy\" decoding=\"async\" width=\"201\" height=\"274\" data-id=\"1266\" src=\"https:\/\/anciensbarralcastres.fr\/wp-content\/uploads\/2020\/01\/G-Culi\u00e9.png\" alt=\"\" class=\"wp-image-1266\"\/><\/figure>\n\n\n\n<figure class=\"wp-block-image size-large\"><img loading=\"lazy\" decoding=\"async\" width=\"201\" height=\"271\" data-id=\"1270\" src=\"https:\/\/anciensbarralcastres.fr\/wp-content\/uploads\/2020\/01\/V-Remirenzi.png\" alt=\"\" class=\"wp-image-1270\"\/><\/figure>\n\n\n\n<figure class=\"wp-block-image size-large\"><img loading=\"lazy\" decoding=\"async\" width=\"201\" height=\"262\" data-id=\"1269\" src=\"https:\/\/anciensbarralcastres.fr\/wp-content\/uploads\/2020\/01\/M-Taillades.png\" alt=\"\" class=\"wp-image-1269\"\/><\/figure>\n<\/figure>\n\n\n\n<hr class=\"wp-block-separator has-css-opacity\"\/>\n\n\n\n<p><\/p>\n","protected":false},"excerpt":{"rendered":"<p>Article 7&nbsp;: &nbsp;&nbsp;&nbsp;&nbsp;&nbsp;&nbsp;&nbsp;&nbsp;&nbsp;&nbsp;&nbsp; Le conseil d\u2019administration est compos\u00e9&nbsp;: De membres de membres de droit avec voix consultativeC&rsquo;est-\u00e0-dire, s\u2019ils le souhaitent, des anciens et actuels directeurs de l\u2019\u00e9tablissement ainsi que des anciens pr\u00e9sidents de l\u2019association. De membres \u00e9lus lors de l\u2019assembl\u00e9e g\u00e9n\u00e9rale annuelle, en nombre impair. &nbsp;&nbsp;&nbsp;&nbsp;&nbsp;&nbsp;&nbsp;&nbsp;&nbsp;&nbsp;&nbsp; Les membres du bureau sont r\u00e9\u00e9ligibles. &nbsp;&nbsp;&nbsp;&nbsp;&nbsp;&nbsp;&nbsp;&nbsp;&nbsp;&nbsp;&nbsp; Le bureau &hellip; <\/p>\n<p class=\"link-more\"><a href=\"https:\/\/anciensbarralcastres.fr\/index.php\/le-bureau\/\" class=\"more-link\">Continuer la lecture<span class=\"screen-reader-text\"> de &laquo;&nbsp;Le  Bureau  de  l&rsquo;  A.  A.  Barral&nbsp;&raquo;<\/span><\/a><\/p>\n","protected":false},"author":1,"featured_media":0,"parent":0,"menu_order":0,"comment_status":"closed","ping_status":"closed","template":"","meta":{"footnotes":""},"_links":{"self":[{"href":"https:\/\/anciensbarralcastres.fr\/index.php\/wp-json\/wp\/v2\/pages\/800"}],"collection":[{"href":"https:\/\/anciensbarralcastres.fr\/index.php\/wp-json\/wp\/v2\/pages"}],"about":[{"href":"https:\/\/anciensbarralcastres.fr\/index.php\/wp-json\/wp\/v2\/types\/page"}],"author":[{"embeddable":true,"href":"https:\/\/anciensbarralcastres.fr\/index.php\/wp-json\/wp\/v2\/users\/1"}],"replies":[{"embeddable":true,"href":"https:\/\/anciensbarralcastres.fr\/index.php\/wp-json\/wp\/v2\/comments?post=800"}],"version-history":[{"count":14,"href":"https:\/\/anciensbarralcastres.fr\/index.php\/wp-json\/wp\/v2\/pages\/800\/revisions"}],"predecessor-version":[{"id":2317,"href":"https:\/\/anciensbarralcastres.fr\/index.php\/wp-json\/wp\/v2\/pages\/800\/revisions\/2317"}],"wp:attachment":[{"href":"https:\/\/anciensbarralcastres.fr\/index.php\/wp-json\/wp\/v2\/media?parent=800"}],"curies":[{"name":"wp","href":"https:\/\/api.w.org\/{rel}","templated":true}]}}