{"id":797,"date":"2019-11-26T15:49:11","date_gmt":"2019-11-26T14:49:11","guid":{"rendered":"http:\/\/anciensbarralcastres.fr\/?page_id=797"},"modified":"2025-01-26T10:30:40","modified_gmt":"2025-01-26T09:30:40","slug":"rythmes","status":"publish","type":"page","link":"https:\/\/anciensbarralcastres.fr\/index.php\/rythmes\/","title":{"rendered":"Rythmes"},"content":{"rendered":"<p style=\"text-align: justify;\">Dans les ann\u00e9es <span style=\"color: #0000ff;\"><strong>50-60<\/strong><\/span>, plusieurs pr\u00eatres, professeurs dans l\u2019\u00e9cole, se mettent \u00e0 l\u2019ouvrage et r\u00e9digent des articles qui constituent l\u2019essentiel d\u2019une revue \u00ab <span style=\"color: #0000ff;\"><strong>RYTHMES<\/strong><\/span> \u00bb dont beaucoup se souviennent. Parmi ces plumes, l\u2019abb\u00e9 <span style=\"color: #0000ff;\"><strong>Baul\u00e8s<\/strong><\/span>, l\u2019abb\u00e9 <span style=\"color: #0000ff;\"><strong>Mathieu<\/strong><\/span>, l\u2019abb\u00e9 <span style=\"color: #0000ff;\"><strong>Veaute<\/strong><\/span>, plus tard l\u2019abb\u00e9 <span style=\"color: #0000ff;\"><strong>Bories<\/strong><\/span>\u2026 et bien d\u2019autres alimentent ce lien pr\u00e9cieux qui \u00e9tait distribu\u00e9 aux anciens. La p\u00e9riode, qui couvre les d\u00e9cennies suivantes, verra<em> \u00ab\u00a0l\u2019Association des Anciens \u00c9l\u00e8ves de Barral\u00a0\u00bb<\/em>, sinon en hibernation, du moins, en sommeil. Il faudra attendre les ann\u00e9es 90 pour que des bacheliers, r\u00e9cemment dipl\u00f4m\u00e9s, donnent un coup de fouet \u00e0 notre groupe. Sous l\u2019impulsion de ses jeunes pr\u00e9sidents, <span style=\"color: #0000ff;\"><strong>Thibault de la Haye Jousselin<\/strong><\/span>, <span style=\"color: #0000ff;\"><strong>C\u00e9dric Bouscatel<\/strong><\/span>, entre autres, l\u2019association se r\u00e9veille et prend son nom actuel \u00ab\u00a0<em>Association des Anciens de Barral<\/em>\u00ab\u00a0. L&rsquo;ann\u00e9e 2008 voit l&rsquo;arriv\u00e9e de <strong><span style=\"color: #0000ff;\">Pierre Escande<\/span><\/strong> \u00e0 la t\u00eate de l&rsquo;Association . En 2016, lui succ\u00e8de <strong><span style=\"color: #0000ff;\">Jean-Pierre Molinier<\/span><\/strong>.<\/p>\n\n\n<hr class=\"wp-block-separator has-css-opacity\"\/>\n\n\n\n<p><strong>Rythmes <\/strong><\/p>\n\n\n\n<p><strong>Ann\u00e9e 2025<\/strong><\/p>\n\n\n\n<div style=\"text-align: center;\">\n<div style=\"margin: 8px 0px 4px;\"><a href=\"https:\/\/www.calameo.com\/books\/00342884046b4acbe6fef\" target=\"_blank\" rel=\"noopener\">Rythmes N\u00b0 1 Jan 2025<\/a><\/div>\n<iframe loading=\"lazy\" style=\"margin: 0 auto;\" src=\"\/\/v.calameo.com\/?bkcode=00342884046b4acbe6fef\" width=\"300\" height=\"194\" frameborder=\"0\" scrolling=\"no\" allowfullscreen=\"allowfullscreen\"><\/iframe>\n<div style=\"margin: 4px 0px 8px;\"><a href=\"http:\/\/www.calameo.com\/\">Publish at Calameo<\/a><\/div>\n<\/div>\n\n\n\n<p><strong>Ann\u00e9e 2024<\/strong><\/p>\n\n\n\n<div class=\"wp-block-columns is-layout-flex wp-container-core-columns-is-layout-1 wp-block-columns-is-layout-flex\">\n<div class=\"wp-block-column is-layout-flow wp-block-column-is-layout-flow\"><\/div>\n\n\n\n<div class=\"wp-block-column is-layout-flow wp-block-column-is-layout-flow\"><\/div>\n\n\n\n<div class=\"wp-block-column is-layout-flow wp-block-column-is-layout-flow\"><\/div>\n<\/div>\n\n\n\n<div style=\"text-align: center;\">\n<div style=\"margin: 8px 0px 4px;\"><a href=\"https:\/\/www.calameo.com\/books\/0034288404aaa55db1d9b\" target=\"_blank\" rel=\"noopener\">Rythmes N\u00b06 2024<\/a><\/div>\n<iframe loading=\"lazy\" style=\"margin: 0 auto;\" src=\"\/\/v.calameo.com\/?bkcode=0034288404aaa55db1d9b\" width=\"300\" height=\"194\" frameborder=\"0\" scrolling=\"no\" allowfullscreen=\"allowfullscreen\"><\/iframe>\n<div style=\"margin: 4px 0px 8px;\"><a href=\"http:\/\/www.calameo.com\/\">Publish at Calameo<\/a><\/div>\n<\/div>\n\n\n\n<div style=\"text-align: center;\">\n<div style=\"margin: 8px 0px 4px;\"><a href=\"https:\/\/www.calameo.com\/books\/00342884064a1fe26bc00\" target=\"_blank\" rel=\"noopener\">Rythmes N\u00b05 2024&nbsp;<\/a><\/div>\n<iframe loading=\"lazy\" style=\"margin: 0 auto;\" src=\"\/\/v.calameo.com\/?bkcode=00342884064a1fe26bc00\" width=\"300\" height=\"194\" frameborder=\"0\" scrolling=\"no\" allowfullscreen=\"allowfullscreen\"><\/iframe>\n<div style=\"margin: 4px 0px 8px;\"><a href=\"http:\/\/www.calameo.com\/\">Publish at Calameo<\/a><\/div>\n<\/div>\n\n\n\n<div class=\"wp-block-columns is-layout-flex wp-container-core-columns-is-layout-2 wp-block-columns-is-layout-flex\">\n<div class=\"wp-block-column is-layout-flow wp-block-column-is-layout-flow\">\n<div style=\"text-align: center;\">\n<div style=\"margin: 4px 0px 8px;\">\u00a0<\/div>\n<\/div>\n<\/div>\n\n\n\n<div class=\"wp-block-column is-layout-flow wp-block-column-is-layout-flow\"><\/div>\n\n\n\n<div class=\"wp-block-column is-layout-flow wp-block-column-is-layout-flow\"><\/div>\n<\/div>\n\n\n\n<div style=\"text-align: center;\">\n<div style=\"margin: 8px 0px 4px;\"><a href=\"https:\/\/www.calameo.com\/books\/003428840fbbad4faea7d\" target=\"_blank\" rel=\"noopener\">Rythmes N\u00b04 2024<\/a><\/div>\n<iframe loading=\"lazy\" style=\"margin: 0 auto;\" src=\"\/\/v.calameo.com\/?bkcode=003428840fbbad4faea7d\" width=\"300\" height=\"194\" frameborder=\"0\" scrolling=\"no\" allowfullscreen=\"allowfullscreen\"><\/iframe>\n<div style=\"margin: 4px 0px 8px;\"><a href=\"http:\/\/www.calameo.com\/\">Publish at Calameo<\/a><\/div>\n<\/div>\n\n\n\n<div style=\"text-align: center;\">\n<div style=\"margin: 8px 0px 4px;\"><a href=\"https:\/\/www.calameo.com\/books\/003428840cb1e1cbbd7c2\" target=\"_blank\" rel=\"noopener\">Rythmes N\u00b0 3 2024<\/a><\/div>\n<iframe loading=\"lazy\" style=\"margin: 0 auto;\" src=\"\/\/v.calameo.com\/?bkcode=003428840cb1e1cbbd7c2\" width=\"300\" height=\"194\" frameborder=\"0\" scrolling=\"no\" allowfullscreen=\"allowfullscreen\"><\/iframe>\n<div style=\"margin: 4px 0px 8px;\"><a href=\"http:\/\/www.calameo.com\/\">Publish at Calameo<\/a><\/div>\n<\/div>\n\n\n\n<div style=\"text-align: center;\">\n<div style=\"margin: 8px 0px 4px;\"><a href=\"https:\/\/www.calameo.com\/books\/0034288401db84833bd7a\" target=\"_blank\" rel=\"noopener\">Rythmes N\u00b0 2&nbsp; &#8211; 2024<\/a><\/div>\n<iframe loading=\"lazy\" style=\"margin: 0 auto;\" src=\"\/\/v.calameo.com\/?bkcode=0034288401db84833bd7a\" width=\"300\" height=\"194\" frameborder=\"0\" scrolling=\"no\" allowfullscreen=\"allowfullscreen\"><\/iframe>\n<div style=\"margin: 4px 0px 8px;\"><a href=\"http:\/\/www.calameo.com\/\">Publish at Calameo<\/a><\/div>\n<\/div>\n\n\n\n<div style=\"text-align: center;\">\n<div style=\"margin: 8px 0px 4px;\"><a href=\"https:\/\/www.calameo.com\/books\/0034288406d515b451cfc\" target=\"_blank\" rel=\"noopener\">Rythmes N\u00b0 1 2024<\/a><\/div>\n<iframe loading=\"lazy\" style=\"margin: 0 auto;\" src=\"\/\/v.calameo.com\/?bkcode=0034288406d515b451cfc\" width=\"300\" height=\"194\" frameborder=\"0\" scrolling=\"no\" allowfullscreen=\"allowfullscreen\"><\/iframe>\n<div style=\"margin: 4px 0px 8px;\"><a href=\"http:\/\/www.calameo.com\/\">Publish at Calameo<\/a><\/div>\n<\/div>\n\n\n\n\n\n\n\n<hr class=\"wp-block-separator has-css-opacity\"\/>\n\n\n\n<div class=\"wp-block-columns is-layout-flex wp-container-core-columns-is-layout-3 wp-block-columns-is-layout-flex\">\n<div class=\"wp-block-column is-layout-flow wp-block-column-is-layout-flow\"><\/div>\n\n\n\n<div class=\"wp-block-column is-layout-flow wp-block-column-is-layout-flow\"><\/div>\n\n\n\n<div class=\"wp-block-column is-layout-flow wp-block-column-is-layout-flow\"><\/div>\n<\/div>\n\n\n\n<p><\/p>\n","protected":false},"excerpt":{"rendered":"<p>Dans les ann\u00e9es 50-60, plusieurs pr\u00eatres, professeurs dans l\u2019\u00e9cole, se mettent \u00e0 l\u2019ouvrage et r\u00e9digent des articles qui constituent l\u2019essentiel d\u2019une revue \u00ab RYTHMES \u00bb dont beaucoup se souviennent. Parmi ces plumes, l\u2019abb\u00e9 Baul\u00e8s, l\u2019abb\u00e9 Mathieu, l\u2019abb\u00e9 Veaute, plus tard l\u2019abb\u00e9 Bories\u2026 et bien d\u2019autres alimentent ce lien pr\u00e9cieux qui \u00e9tait distribu\u00e9 aux anciens. La &hellip; <\/p>\n<p class=\"link-more\"><a href=\"https:\/\/anciensbarralcastres.fr\/index.php\/rythmes\/\" class=\"more-link\">Continuer la lecture<span class=\"screen-reader-text\"> de &laquo;&nbsp;Rythmes&nbsp;&raquo;<\/span><\/a><\/p>\n","protected":false},"author":1,"featured_media":0,"parent":0,"menu_order":0,"comment_status":"closed","ping_status":"closed","template":"","meta":{"footnotes":""},"_links":{"self":[{"href":"https:\/\/anciensbarralcastres.fr\/index.php\/wp-json\/wp\/v2\/pages\/797"}],"collection":[{"href":"https:\/\/anciensbarralcastres.fr\/index.php\/wp-json\/wp\/v2\/pages"}],"about":[{"href":"https:\/\/anciensbarralcastres.fr\/index.php\/wp-json\/wp\/v2\/types\/page"}],"author":[{"embeddable":true,"href":"https:\/\/anciensbarralcastres.fr\/index.php\/wp-json\/wp\/v2\/users\/1"}],"replies":[{"embeddable":true,"href":"https:\/\/anciensbarralcastres.fr\/index.php\/wp-json\/wp\/v2\/comments?post=797"}],"version-history":[{"count":58,"href":"https:\/\/anciensbarralcastres.fr\/index.php\/wp-json\/wp\/v2\/pages\/797\/revisions"}],"predecessor-version":[{"id":2420,"href":"https:\/\/anciensbarralcastres.fr\/index.php\/wp-json\/wp\/v2\/pages\/797\/revisions\/2420"}],"wp:attachment":[{"href":"https:\/\/anciensbarralcastres.fr\/index.php\/wp-json\/wp\/v2\/media?parent=797"}],"curies":[{"name":"wp","href":"https:\/\/api.w.org\/{rel}","templated":true}]}}