{"id":789,"date":"2019-11-25T18:14:45","date_gmt":"2019-11-25T17:14:45","guid":{"rendered":"http:\/\/anciensbarralcastres.fr\/?page_id=789"},"modified":"2024-11-17T18:36:49","modified_gmt":"2024-11-17T17:36:49","slug":"annuaire","status":"publish","type":"page","link":"https:\/\/anciensbarralcastres.fr\/index.php\/annuaire\/","title":{"rendered":"Annuaire des Anciens de Barral"},"content":{"rendered":"<h1><strong><span style=\"color: #0000ff;\">Vous \u00eates un ancien de Barral ? <a href=\"http:\/\/anciensbarralcastres.fr\/?page_id=1805\">\u00c9crivez-nous !<\/a><\/span><\/strong><\/h1>\n<h1><strong><u>Vous souhaitez faire partie de l&rsquo;association ?<\/u><\/strong><\/h1>\n<ul>\n<li>\n<h1><a href=\"http:\/\/anciensbarralcastres.fr\/wp-admin\/post.php?post=2184&amp;action=edit\">T\u00e9l\u00e9chargez notre bulletin d&rsquo;adh\u00e9sion<\/a><\/h1>\n<\/li>\n<\/ul>\n\n\n<hr class=\"wp-block-separator\"\/>\n\n\n\n<div class=\"wp-block-columns is-layout-flex wp-container-core-columns-is-layout-1 wp-block-columns-is-layout-flex\">\n<div class=\"wp-block-column is-layout-flow wp-block-column-is-layout-flow\">\n<div class=\"wp-block-media-text alignwide\"><figure class=\"wp-block-media-text__media\"><img loading=\"lazy\" decoding=\"async\" width=\"1024\" height=\"768\" src=\"http:\/\/anciensbarralcastres.fr\/wp-content\/uploads\/2019\/12\/bapteme-promo-1024x768.png\" alt=\"\" class=\"wp-image-918 size-full\" srcset=\"https:\/\/anciensbarralcastres.fr\/wp-content\/uploads\/2019\/12\/bapteme-promo-1024x768.png 1024w, https:\/\/anciensbarralcastres.fr\/wp-content\/uploads\/2019\/12\/bapteme-promo-300x225.png 300w, https:\/\/anciensbarralcastres.fr\/wp-content\/uploads\/2019\/12\/bapteme-promo-768x576.png 768w, https:\/\/anciensbarralcastres.fr\/wp-content\/uploads\/2019\/12\/bapteme-promo.png 1250w\" sizes=\"(max-width: 767px) 89vw, (max-width: 1000px) 54vw, (max-width: 1071px) 543px, 580px\" \/><\/figure><div class=\"wp-block-media-text__content\">\n<p class=\"has-small-font-size\"><a href=\"http:\/\/anciensbarralcastres.fr\/index.php\/liste-des-promotions\/\">Promotions<\/a><\/p>\n<\/div><\/div>\n<\/div>\n\n\n\n<div class=\"wp-block-column is-layout-flow wp-block-column-is-layout-flow\">\n<div class=\"wp-block-media-text alignwide\"><figure class=\"wp-block-media-text__media\"><img loading=\"lazy\" decoding=\"async\" width=\"300\" height=\"267\" src=\"http:\/\/anciensbarralcastres.fr\/wp-content\/uploads\/2019\/12\/bureau_030.gif\" alt=\"\" class=\"wp-image-920 size-full\"\/><\/figure><div class=\"wp-block-media-text__content\">\n<p class=\"has-small-font-size\"><a href=\"http:\/\/anciensbarralcastres.fr\/index.php\/liste-par-noms\/\">Liste par Noms<\/a><\/p>\n<\/div><\/div>\n\n\n\n<div style=\"height:100px\" aria-hidden=\"true\" class=\"wp-block-spacer\"><\/div>\n<\/div>\n<\/div>\n\n\n\n<div class=\"wp-block-columns is-layout-flex wp-container-core-columns-is-layout-2 wp-block-columns-is-layout-flex\">\n<div class=\"wp-block-column is-layout-flow wp-block-column-is-layout-flow\">\n<div class=\"wp-block-media-text alignwide\"><figure class=\"wp-block-media-text__media\"><img loading=\"lazy\" decoding=\"async\" width=\"300\" height=\"202\" src=\"http:\/\/anciensbarralcastres.fr\/wp-content\/uploads\/2019\/12\/bureau_033.gif\" alt=\"\" class=\"wp-image-921 size-full\"\/><\/figure><div class=\"wp-block-media-text__content\">\n<p class=\"has-small-font-size\"><a href=\"http:\/\/anciensbarralcastres.fr\/index.php\/liste-par-promotions\/\">Liste par Promotions<\/a><\/p>\n<\/div><\/div>\n<\/div>\n\n\n\n<div class=\"wp-block-column is-layout-flow wp-block-column-is-layout-flow\">\n<div class=\"wp-block-media-text alignwide\"><figure class=\"wp-block-media-text__media\"><img loading=\"lazy\" decoding=\"async\" width=\"693\" height=\"693\" src=\"http:\/\/anciensbarralcastres.fr\/wp-content\/uploads\/2019\/12\/Fotolia_54141491_S.jpg\" alt=\"\" class=\"wp-image-922 size-full\" srcset=\"https:\/\/anciensbarralcastres.fr\/wp-content\/uploads\/2019\/12\/Fotolia_54141491_S.jpg 693w, https:\/\/anciensbarralcastres.fr\/wp-content\/uploads\/2019\/12\/Fotolia_54141491_S-300x300.jpg 300w, https:\/\/anciensbarralcastres.fr\/wp-content\/uploads\/2019\/12\/Fotolia_54141491_S-150x150.jpg 150w, https:\/\/anciensbarralcastres.fr\/wp-content\/uploads\/2019\/12\/Fotolia_54141491_S-100x100.jpg 100w\" sizes=\"(max-width: 693px) 100vw, 693px\" \/><\/figure><div class=\"wp-block-media-text__content\">\n<p class=\"has-small-font-size\"><a href=\"http:\/\/anciensbarralcastres.fr\/index.php\/recherche\/\">Recherche \u00c9l\u00e8ves &#8211; Professeurs<\/a><\/p>\n<\/div><\/div>\n<\/div>\n<\/div>\n\n\n\n<p><\/p>\n","protected":false},"excerpt":{"rendered":"<p>Vous \u00eates un ancien de Barral ? \u00c9crivez-nous ! Vous souhaitez faire partie de l&rsquo;association ? T\u00e9l\u00e9chargez notre bulletin d&rsquo;adh\u00e9sion Promotions Liste par Noms Liste par Promotions Recherche \u00c9l\u00e8ves &#8211; Professeurs<\/p>\n","protected":false},"author":1,"featured_media":0,"parent":0,"menu_order":0,"comment_status":"closed","ping_status":"closed","template":"","meta":{"footnotes":""},"_links":{"self":[{"href":"https:\/\/anciensbarralcastres.fr\/index.php\/wp-json\/wp\/v2\/pages\/789"}],"collection":[{"href":"https:\/\/anciensbarralcastres.fr\/index.php\/wp-json\/wp\/v2\/pages"}],"about":[{"href":"https:\/\/anciensbarralcastres.fr\/index.php\/wp-json\/wp\/v2\/types\/page"}],"author":[{"embeddable":true,"href":"https:\/\/anciensbarralcastres.fr\/index.php\/wp-json\/wp\/v2\/users\/1"}],"replies":[{"embeddable":true,"href":"https:\/\/anciensbarralcastres.fr\/index.php\/wp-json\/wp\/v2\/comments?post=789"}],"version-history":[{"count":29,"href":"https:\/\/anciensbarralcastres.fr\/index.php\/wp-json\/wp\/v2\/pages\/789\/revisions"}],"predecessor-version":[{"id":2292,"href":"https:\/\/anciensbarralcastres.fr\/index.php\/wp-json\/wp\/v2\/pages\/789\/revisions\/2292"}],"wp:attachment":[{"href":"https:\/\/anciensbarralcastres.fr\/index.php\/wp-json\/wp\/v2\/media?parent=789"}],"curies":[{"name":"wp","href":"https:\/\/api.w.org\/{rel}","templated":true}]}}