{"id":928,"date":"2019-12-04T16:54:22","date_gmt":"2019-12-04T15:54:22","guid":{"rendered":"http:\/\/anciensbarralcastres.fr\/?page_id=928"},"modified":"2020-12-21T16:29:05","modified_gmt":"2020-12-21T15:29:05","slug":"liste-par-promotions","status":"publish","type":"page","link":"http:\/\/anciensbarralcastres.fr\/index.php\/liste-par-promotions\/","title":{"rendered":"Liste par promotions"},"content":{"rendered":"\n<figure class=\"wp-block-image size-large\"><img loading=\"lazy\" decoding=\"async\" width=\"240\" height=\"200\" src=\"http:\/\/anciensbarralcastres.fr\/wp-content\/uploads\/2020\/12\/En-travaux.gif\" alt=\"\" class=\"wp-image-2222\"\/><\/figure>\n\n\n\n<div class=\"wp-block-columns is-layout-flex wp-container-core-columns-is-layout-1 wp-block-columns-is-layout-flex\">\n<div class=\"wp-block-column is-layout-flow wp-block-column-is-layout-flow\">\n<p><a href=\"http:\/\/anciensbarralcastres.fr\/?page_id=1089&amp;preview=true\"><strong>1940 \u00e0 1949<\/strong><\/a><\/p>\n<\/div>\n\n\n\n<div class=\"wp-block-column is-layout-flow wp-block-column-is-layout-flow\">\n<p>1950 \u00e0 1955<\/p>\n<\/div>\n\n\n\n<div class=\"wp-block-column is-layout-flow wp-block-column-is-layout-flow\">\n<p>1956 \u00e0 1960<\/p>\n<\/div>\n<\/div>\n\n\n\n<p><\/p>\n","protected":false},"excerpt":{"rendered":"<p>1940 \u00e0 1949 1950 \u00e0 1955 1956 \u00e0 1960<\/p>\n","protected":false},"author":1,"featured_media":0,"parent":0,"menu_order":0,"comment_status":"closed","ping_status":"closed","template":"","meta":{"footnotes":""},"_links":{"self":[{"href":"http:\/\/anciensbarralcastres.fr\/index.php\/wp-json\/wp\/v2\/pages\/928"}],"collection":[{"href":"http:\/\/anciensbarralcastres.fr\/index.php\/wp-json\/wp\/v2\/pages"}],"about":[{"href":"http:\/\/anciensbarralcastres.fr\/index.php\/wp-json\/wp\/v2\/types\/page"}],"author":[{"embeddable":true,"href":"http:\/\/anciensbarralcastres.fr\/index.php\/wp-json\/wp\/v2\/users\/1"}],"replies":[{"embeddable":true,"href":"http:\/\/anciensbarralcastres.fr\/index.php\/wp-json\/wp\/v2\/comments?post=928"}],"version-history":[{"count":6,"href":"http:\/\/anciensbarralcastres.fr\/index.php\/wp-json\/wp\/v2\/pages\/928\/revisions"}],"predecessor-version":[{"id":2223,"href":"http:\/\/anciensbarralcastres.fr\/index.php\/wp-json\/wp\/v2\/pages\/928\/revisions\/2223"}],"wp:attachment":[{"href":"http:\/\/anciensbarralcastres.fr\/index.php\/wp-json\/wp\/v2\/media?parent=928"}],"curies":[{"name":"wp","href":"https:\/\/api.w.org\/{rel}","templated":true}]}}