{"id":812,"date":"2019-11-26T15:54:21","date_gmt":"2019-11-26T14:54:21","guid":{"rendered":"http:\/\/anciensbarralcastres.fr\/?page_id=812"},"modified":"2021-10-02T15:30:15","modified_gmt":"2021-10-02T13:30:15","slug":"recherche","status":"publish","type":"page","link":"http:\/\/anciensbarralcastres.fr\/index.php\/recherche\/","title":{"rendered":"Recherche \u00c9l\u00e8ve ou Professeur"},"content":{"rendered":"<p class=\"standard\" style=\"text-align: justify;\"><strong><span class=\"c-3\" style=\"color: #0000ff;\"><span style=\"font-size: 16.0pt; font-family: 'Arial',sans-serif;\">Donn\u00e9es personnelles !<\/span><\/span><\/strong><\/p>\n<p class=\"standard\" style=\"text-align: justify;\"><span style=\"font-size: 16.0pt; font-family: 'Arial',sans-serif;\">\u00a0<\/span><span class=\"c-5\"><span style=\"font-size: 16.0pt; font-family: 'Arial',sans-serif;\">Quand on nous a demand\u00e9 quelquefois, lors d&rsquo;une recherche de camarades de promotion, de communiquer les coordonn\u00e9es de tel ou tel ancien \u00e9l\u00e8ve, nous prenons contact avec l&rsquo;ancien \u00e9l\u00e8ve en question et nous l&rsquo;informons qu&rsquo;il fait l&rsquo;objet d&rsquo;une recherche d&rsquo;un de ses anciens camarades. <\/span><\/span><\/p>\n<p class=\"standard\" style=\"text-align: justify; text-indent: 35.4pt;\"><span class=\"c-5\"><span style=\"font-size: 16.0pt; font-family: 'Arial',sans-serif;\">Si le contact est souhait\u00e9 par les deux parties, nous communiquons ces donn\u00e9es, dans la n\u00e9gative, nous nous abstenons.<\/span><\/span><\/p>\n<p class=\"standard\" style=\"text-align: justify; text-indent: 35.4pt;\"><span class=\"c-5\"><span style=\"font-size: 16.0pt; font-family: 'Arial',sans-serif;\">A une \u00e9poque o\u00f9 toutes les informations circulent dans le maelstr\u00f6m fr\u00e9n\u00e9tique de la vie m\u00e9diatique, vous comprendrez que Rythmes ne souhaite pas devenir un Facebook bis (que nous n&rsquo;aurions d&rsquo;ailleurs pas les moyens d&rsquo;\u00eatre) mais que les relations d&rsquo;amiti\u00e9 authentique nou\u00e9es sous notre toit se prolongent dans notre bulletin, tout en pr\u00e9servant le souci d&rsquo;intimit\u00e9 de chacun.<\/span><\/span><\/p>\n<p class=\"standard\" style=\"text-align: justify;\"><span class=\"c-4\"><span style=\"font-size: 16.0pt; font-family: 'Arial',sans-serif;\">\u00a0\u00a0\u00a0\u00a0\u00a0\u00a0\u00a0\u00a0\u00a0\u00a0\u00a0Le Bureau<\/span><\/span><\/p>\n\n\n<hr class=\"wp-block-separator\"\/>\n\n\n\n<p><code><div role=\"form\" class=\"wpcf7\" id=\"wpcf7-f612-o1\" lang=\"fr-FR\" dir=\"ltr\">\n<div class=\"screen-reader-response\"><p role=\"status\" aria-live=\"polite\" aria-atomic=\"true\"><\/p> <ul><\/ul><\/div>\n<form action=\"\/index.php\/wp-json\/wp\/v2\/pages\/812#wpcf7-f612-o1\" method=\"post\" class=\"wpcf7-form init\" novalidate=\"novalidate\" data-status=\"init\">\n<div style=\"display: none;\">\n<input type=\"hidden\" name=\"_wpcf7\" value=\"612\" \/>\n<input type=\"hidden\" name=\"_wpcf7_version\" value=\"5.6.4\" \/>\n<input type=\"hidden\" name=\"_wpcf7_locale\" value=\"fr_FR\" \/>\n<input type=\"hidden\" name=\"_wpcf7_unit_tag\" value=\"wpcf7-f612-o1\" \/>\n<input type=\"hidden\" name=\"_wpcf7_container_post\" value=\"0\" \/>\n<input type=\"hidden\" name=\"_wpcf7_posted_data_hash\" value=\"\" \/>\n<\/div>\n<p><label> Votre nom (obligatoire)<br \/>\n    <span class=\"wpcf7-form-control-wrap\" data-name=\"your-name\"><input type=\"text\" name=\"your-name\" value=\"\" size=\"40\" class=\"wpcf7-form-control wpcf7-text wpcf7-validates-as-required\" aria-required=\"true\" aria-invalid=\"false\" \/><\/span> <\/label><\/p>\n<p><label> Votre pr\u00e9nom (obligatoire)<br \/>\n    <span class=\"wpcf7-form-control-wrap\" data-name=\"first-name\"><input type=\"text\" name=\"first-name\" value=\"\" size=\"40\" class=\"wpcf7-form-control wpcf7-text wpcf7-validates-as-required\" aria-required=\"true\" aria-invalid=\"false\" \/><\/span> <\/label><\/p>\n<p><label> Votre promotion<br \/>\n    <span class=\"wpcf7-form-control-wrap\" data-name=\"Your-promotion\"><input type=\"text\" name=\"Your-promotion\" value=\"\" size=\"40\" class=\"wpcf7-form-control wpcf7-text\" aria-invalid=\"false\" \/><\/span> <\/label><\/p>\n<p><label> Ann\u00e9es de pr\u00e9sence \u00e0 Barral<br \/>\n    <span class=\"wpcf7-form-control-wrap\" data-name=\"Years-of-presence-in-Barral\"><input type=\"text\" name=\"Years-of-presence-in-Barral\" value=\"\" size=\"40\" class=\"wpcf7-form-control wpcf7-text wpcf7-validates-as-required\" aria-required=\"true\" aria-invalid=\"false\" \/><\/span> <\/label><\/p>\n<p><label> Votre adresse de messagerie (obligatoire)<br \/>\n    <span class=\"wpcf7-form-control-wrap\" data-name=\"your-email\"><input type=\"email\" name=\"your-email\" value=\"\" size=\"40\" class=\"wpcf7-form-control wpcf7-text wpcf7-email wpcf7-validates-as-required wpcf7-validates-as-email\" aria-required=\"true\" aria-invalid=\"false\" \/><\/span> <\/label><\/p>\n<p><label> Votre adresse postale (obligatoire)<br \/>\n    <span class=\"wpcf7-form-control-wrap\" data-name=\"address\"><input type=\"text\" name=\"address\" value=\"\" size=\"40\" class=\"wpcf7-form-control wpcf7-text wpcf7-validates-as-required\" aria-required=\"true\" aria-invalid=\"false\" \/><\/span> <\/label><\/p>\n<p><label> Votre code et ville (obligatoire)<br \/>\n    <span class=\"wpcf7-form-control-wrap\" data-name=\"code-and-city\"><input type=\"text\" name=\"code-and-city\" value=\"\" size=\"40\" class=\"wpcf7-form-control wpcf7-text wpcf7-validates-as-required\" aria-required=\"true\" aria-invalid=\"false\" \/><\/span> <\/label><\/p>\n<p><label> Objet :<br \/>\n    <span class=\"wpcf7-form-control-wrap\" data-name=\"your-subject\"><input type=\"text\" name=\"your-subject\" value=\"\" size=\"40\" class=\"wpcf7-form-control wpcf7-text\" aria-invalid=\"false\" \/><\/span> <\/label><\/p>\n<p><label> Votre message<br \/>\n    <span class=\"wpcf7-form-control-wrap\" data-name=\"your-message\"><textarea name=\"your-message\" cols=\"40\" rows=\"10\" class=\"wpcf7-form-control wpcf7-textarea\" aria-invalid=\"false\"><\/textarea><\/span> <\/label><\/p>\n<p>Cocher la case (obligatoire)<br \/>\n<span class=\"wpcf7-form-control-wrap\" data-name=\"I\"><span class=\"wpcf7-form-control wpcf7-checkbox wpcf7-validates-as-required\"><span class=\"wpcf7-list-item first last\"><input type=\"checkbox\" name=\"I[]\" value=\"J\u2019ai lu et accepte la politique de confidentialit\u00e9 de ce site\" \/><span class=\"wpcf7-list-item-label\">J\u2019ai lu et accepte la politique de confidentialit\u00e9 de ce site<\/span><\/span><\/span><\/span><\/p>\n<p><input type=\"submit\" value=\"Envoyer\" class=\"wpcf7-form-control has-spinner wpcf7-submit\" \/><\/p>\n<div class=\"wpcf7-response-output\" aria-hidden=\"true\"><\/div><\/form><\/div><\/code><\/p>\n","protected":false},"excerpt":{"rendered":"<p>Donn\u00e9es personnelles ! \u00a0Quand on nous a demand\u00e9 quelquefois, lors d&rsquo;une recherche de camarades de promotion, de communiquer les coordonn\u00e9es de tel ou tel ancien \u00e9l\u00e8ve, nous prenons contact avec l&rsquo;ancien \u00e9l\u00e8ve en question et nous l&rsquo;informons qu&rsquo;il fait l&rsquo;objet d&rsquo;une recherche d&rsquo;un de ses anciens camarades. Si le contact est souhait\u00e9 par les deux &hellip; <\/p>\n<p class=\"link-more\"><a href=\"http:\/\/anciensbarralcastres.fr\/index.php\/recherche\/\" class=\"more-link\">Continuer la lecture<span class=\"screen-reader-text\"> de &laquo;&nbsp;Recherche \u00c9l\u00e8ve ou Professeur&nbsp;&raquo;<\/span><\/a><\/p>\n","protected":false},"author":1,"featured_media":0,"parent":0,"menu_order":0,"comment_status":"closed","ping_status":"closed","template":"","meta":{"footnotes":""},"_links":{"self":[{"href":"http:\/\/anciensbarralcastres.fr\/index.php\/wp-json\/wp\/v2\/pages\/812"}],"collection":[{"href":"http:\/\/anciensbarralcastres.fr\/index.php\/wp-json\/wp\/v2\/pages"}],"about":[{"href":"http:\/\/anciensbarralcastres.fr\/index.php\/wp-json\/wp\/v2\/types\/page"}],"author":[{"embeddable":true,"href":"http:\/\/anciensbarralcastres.fr\/index.php\/wp-json\/wp\/v2\/users\/1"}],"replies":[{"embeddable":true,"href":"http:\/\/anciensbarralcastres.fr\/index.php\/wp-json\/wp\/v2\/comments?post=812"}],"version-history":[{"count":17,"href":"http:\/\/anciensbarralcastres.fr\/index.php\/wp-json\/wp\/v2\/pages\/812\/revisions"}],"predecessor-version":[{"id":2230,"href":"http:\/\/anciensbarralcastres.fr\/index.php\/wp-json\/wp\/v2\/pages\/812\/revisions\/2230"}],"wp:attachment":[{"href":"http:\/\/anciensbarralcastres.fr\/index.php\/wp-json\/wp\/v2\/media?parent=812"}],"curies":[{"name":"wp","href":"https:\/\/api.w.org\/{rel}","templated":true}]}}